

{"id":1001,"date":"2026-02-13T14:08:10","date_gmt":"2026-02-13T13:08:10","guid":{"rendered":"https:\/\/www.hhcontrols.com\/products\/m1pro-80-m-bus-mid\/"},"modified":"2026-03-12T14:45:22","modified_gmt":"2026-03-12T13:45:22","slug":"m1pro-80-m-bus-mid","status":"publish","type":"product","link":"https:\/\/www.hhcontrols.com\/de\/produkte\/m1pro-80-m-bus-mid\/","title":{"rendered":"M1PRO 80 M-Bus MID"},"content":{"rendered":"","protected":false},"excerpt":{"rendered":"<p>M1PRO 80 M-Bus MID: MID-zertifizierter Einphasen-Energiez\u00e4hler 80 A mit M-Bus. F\u00fcr Building Management, HVAC-Submetering und Multi-Tenant-Allokation.  Made in Italy.<\/p>\n","protected":false},"featured_media":998,"template":"","product_category":[25],"product_tag":[],"class_list":["post-1001","product","type-product","status-publish","has-post-thumbnail","hentry","product_category-m1pro"],"yoast_head":"<!-- This site is optimized with the Yoast SEO plugin v27.1.1 - https:\/\/yoast.com\/product\/yoast-seo-wordpress\/ -->\n<title>M1PRO 80 M-Bus MID | Einphasen-Energiez\u00e4hler 80 A mit M-Bus &#8212; Herholdt Controls<\/title>\n<meta name=\"description\" content=\"M1PRO 80 M-Bus MID: MID-zertifizierter Einphasen-Energiez\u00e4hler 80 A mit M-Bus. F\u00fcr Building Management, HVAC-Submetering und Multi-Tenant-Allokation. Made in Italy.\" \/>\n<meta name=\"robots\" content=\"index, follow, max-snippet:-1, max-image-preview:large, max-video-preview:-1\" \/>\n<link rel=\"canonical\" href=\"https:\/\/www.hhcontrols.com\/de\/produkte\/m1pro-80-m-bus-mid\/\" \/>\n<meta property=\"og:locale\" content=\"de_DE\" \/>\n<meta property=\"og:type\" content=\"article\" \/>\n<meta property=\"og:title\" content=\"M1PRO 80 M-Bus MID | Einphasen-Energiez\u00e4hler 80 A mit M-Bus &#8212; Herholdt Controls\" \/>\n<meta property=\"og:description\" content=\"M1PRO 80 M-Bus MID: MID-zertifizierter Einphasen-Energiez\u00e4hler 80 A mit M-Bus. F\u00fcr Building Management, HVAC-Submetering und Multi-Tenant-Allokation. Made in Italy.\" \/>\n<meta property=\"og:url\" content=\"https:\/\/www.hhcontrols.com\/de\/produkte\/m1pro-80-m-bus-mid\/\" \/>\n<meta property=\"og:site_name\" content=\"Herholdt Controls\" \/>\n<meta property=\"article:modified_time\" content=\"2026-03-12T13:45:22+00:00\" \/>\n<meta property=\"og:image\" content=\"https:\/\/www.hhcontrols.com\/wp-content\/uploads\/2026\/02\/herholdt-controls-oem-energy-meters-design-manufacturing-milan_m1pro-80-m-bus-mid-left_light.jpg\" \/>\n\t<meta property=\"og:image:width\" content=\"1920\" \/>\n\t<meta property=\"og:image:height\" content=\"1920\" \/>\n\t<meta property=\"og:image:type\" content=\"image\/jpeg\" \/>\n<meta name=\"twitter:card\" content=\"summary_large_image\" \/>\n<script type=\"application\/ld+json\" class=\"yoast-schema-graph\">{\"@context\":\"https:\/\/schema.org\",\"@graph\":[{\"@type\":\"WebPage\",\"@id\":\"https:\/\/www.hhcontrols.com\/de\/produkte\/m1pro-80-m-bus-mid\/\",\"url\":\"https:\/\/www.hhcontrols.com\/de\/produkte\/m1pro-80-m-bus-mid\/\",\"name\":\"M1PRO 80 M-Bus MID | Einphasen-Energiez\u00e4hler 80 A mit M-Bus &#8212; Herholdt Controls\",\"isPartOf\":{\"@id\":\"https:\/\/www.hhcontrols.com\/de\/#website\"},\"primaryImageOfPage\":{\"@id\":\"https:\/\/www.hhcontrols.com\/de\/produkte\/m1pro-80-m-bus-mid\/#primaryimage\"},\"image\":{\"@id\":\"https:\/\/www.hhcontrols.com\/de\/produkte\/m1pro-80-m-bus-mid\/#primaryimage\"},\"thumbnailUrl\":\"https:\/\/www.hhcontrols.com\/wp-content\/uploads\/2026\/02\/herholdt-controls-oem-energy-meters-design-manufacturing-milan_m1pro-80-m-bus-mid-left_light.jpg\",\"datePublished\":\"2026-02-13T13:08:10+00:00\",\"dateModified\":\"2026-03-12T13:45:22+00:00\",\"description\":\"M1PRO 80 M-Bus MID: MID-zertifizierter Einphasen-Energiez\u00e4hler 80 A mit M-Bus. F\u00fcr Building Management, HVAC-Submetering und Multi-Tenant-Allokation. Made in Italy.\",\"breadcrumb\":{\"@id\":\"https:\/\/www.hhcontrols.com\/de\/produkte\/m1pro-80-m-bus-mid\/#breadcrumb\"},\"inLanguage\":\"de\",\"potentialAction\":[{\"@type\":\"ReadAction\",\"target\":[\"https:\/\/www.hhcontrols.com\/de\/produkte\/m1pro-80-m-bus-mid\/\"]}]},{\"@type\":\"ImageObject\",\"inLanguage\":\"de\",\"@id\":\"https:\/\/www.hhcontrols.com\/de\/produkte\/m1pro-80-m-bus-mid\/#primaryimage\",\"url\":\"https:\/\/www.hhcontrols.com\/wp-content\/uploads\/2026\/02\/herholdt-controls-oem-energy-meters-design-manufacturing-milan_m1pro-80-m-bus-mid-left_light.jpg\",\"contentUrl\":\"https:\/\/www.hhcontrols.com\/wp-content\/uploads\/2026\/02\/herholdt-controls-oem-energy-meters-design-manufacturing-milan_m1pro-80-m-bus-mid-left_light.jpg\",\"width\":1920,\"height\":1920},{\"@type\":\"BreadcrumbList\",\"@id\":\"https:\/\/www.hhcontrols.com\/de\/produkte\/m1pro-80-m-bus-mid\/#breadcrumb\",\"itemListElement\":[{\"@type\":\"ListItem\",\"position\":1,\"name\":\"Start\",\"item\":\"https:\/\/www.hhcontrols.com\/de\/startseite\/\"},{\"@type\":\"ListItem\",\"position\":2,\"name\":\"Produkte\",\"item\":\"https:\/\/www.hhcontrols.com\/de\/produkte\/\"},{\"@type\":\"ListItem\",\"position\":3,\"name\":\"M1PRO 80 M-Bus MID\"}]},{\"@type\":\"WebSite\",\"@id\":\"https:\/\/www.hhcontrols.com\/de\/#website\",\"url\":\"https:\/\/www.hhcontrols.com\/de\/\",\"name\":\"Herholdt Controls\",\"description\":\"OEM-Energiez\u00e4hler Entwicklung und Fertigung\",\"publisher\":{\"@id\":\"https:\/\/www.hhcontrols.com\/de\/#organization\"},\"potentialAction\":[{\"@type\":\"SearchAction\",\"target\":{\"@type\":\"EntryPoint\",\"urlTemplate\":\"https:\/\/www.hhcontrols.com\/de\/?s={search_term_string}\"},\"query-input\":{\"@type\":\"PropertyValueSpecification\",\"valueRequired\":true,\"valueName\":\"search_term_string\"}}],\"inLanguage\":\"de\"},{\"@type\":\"Organization\",\"@id\":\"https:\/\/www.hhcontrols.com\/de\/#organization\",\"name\":\"Herholdt Controls\",\"url\":\"https:\/\/www.hhcontrols.com\/de\/\",\"logo\":{\"@type\":\"ImageObject\",\"inLanguage\":\"de\",\"@id\":\"https:\/\/www.hhcontrols.com\/de\/#\/schema\/logo\/image\/\",\"url\":\"https:\/\/www.hhcontrols.com\/wp-content\/uploads\/2026\/02\/logo-herholdt-controls.png\",\"contentUrl\":\"https:\/\/www.hhcontrols.com\/wp-content\/uploads\/2026\/02\/logo-herholdt-controls.png\",\"width\":512,\"height\":513,\"caption\":\"Herholdt Controls\"},\"image\":{\"@id\":\"https:\/\/www.hhcontrols.com\/de\/#\/schema\/logo\/image\/\"},\"sameAs\":[\"https:\/\/www.linkedin.com\/company\/herholdtcontrols\/\",\"https:\/\/www.youtube.com\/@herholdtcontrols9357\"]}]}<\/script>\n<!-- \/ Yoast SEO plugin. -->","yoast_head_json":{"title":"M1PRO 80 M-Bus MID | Einphasen-Energiez\u00e4hler 80 A mit M-Bus &#8212; Herholdt Controls","description":"M1PRO 80 M-Bus MID: MID-zertifizierter Einphasen-Energiez\u00e4hler 80 A mit M-Bus. F\u00fcr Building Management, HVAC-Submetering und Multi-Tenant-Allokation. Made in Italy.","robots":{"index":"index","follow":"follow","max-snippet":"max-snippet:-1","max-image-preview":"max-image-preview:large","max-video-preview":"max-video-preview:-1"},"canonical":"https:\/\/www.hhcontrols.com\/de\/produkte\/m1pro-80-m-bus-mid\/","og_locale":"de_DE","og_type":"article","og_title":"M1PRO 80 M-Bus MID | Einphasen-Energiez\u00e4hler 80 A mit M-Bus &#8212; Herholdt Controls","og_description":"M1PRO 80 M-Bus MID: MID-zertifizierter Einphasen-Energiez\u00e4hler 80 A mit M-Bus. F\u00fcr Building Management, HVAC-Submetering und Multi-Tenant-Allokation. Made in Italy.","og_url":"https:\/\/www.hhcontrols.com\/de\/produkte\/m1pro-80-m-bus-mid\/","og_site_name":"Herholdt Controls","article_modified_time":"2026-03-12T13:45:22+00:00","og_image":[{"width":1920,"height":1920,"url":"https:\/\/www.hhcontrols.com\/wp-content\/uploads\/2026\/02\/herholdt-controls-oem-energy-meters-design-manufacturing-milan_m1pro-80-m-bus-mid-left_light.jpg","type":"image\/jpeg"}],"twitter_card":"summary_large_image","schema":{"@context":"https:\/\/schema.org","@graph":[{"@type":"WebPage","@id":"https:\/\/www.hhcontrols.com\/de\/produkte\/m1pro-80-m-bus-mid\/","url":"https:\/\/www.hhcontrols.com\/de\/produkte\/m1pro-80-m-bus-mid\/","name":"M1PRO 80 M-Bus MID | Einphasen-Energiez\u00e4hler 80 A mit M-Bus &#8212; Herholdt Controls","isPartOf":{"@id":"https:\/\/www.hhcontrols.com\/de\/#website"},"primaryImageOfPage":{"@id":"https:\/\/www.hhcontrols.com\/de\/produkte\/m1pro-80-m-bus-mid\/#primaryimage"},"image":{"@id":"https:\/\/www.hhcontrols.com\/de\/produkte\/m1pro-80-m-bus-mid\/#primaryimage"},"thumbnailUrl":"https:\/\/www.hhcontrols.com\/wp-content\/uploads\/2026\/02\/herholdt-controls-oem-energy-meters-design-manufacturing-milan_m1pro-80-m-bus-mid-left_light.jpg","datePublished":"2026-02-13T13:08:10+00:00","dateModified":"2026-03-12T13:45:22+00:00","description":"M1PRO 80 M-Bus MID: MID-zertifizierter Einphasen-Energiez\u00e4hler 80 A mit M-Bus. F\u00fcr Building Management, HVAC-Submetering und Multi-Tenant-Allokation. Made in Italy.","breadcrumb":{"@id":"https:\/\/www.hhcontrols.com\/de\/produkte\/m1pro-80-m-bus-mid\/#breadcrumb"},"inLanguage":"de","potentialAction":[{"@type":"ReadAction","target":["https:\/\/www.hhcontrols.com\/de\/produkte\/m1pro-80-m-bus-mid\/"]}]},{"@type":"ImageObject","inLanguage":"de","@id":"https:\/\/www.hhcontrols.com\/de\/produkte\/m1pro-80-m-bus-mid\/#primaryimage","url":"https:\/\/www.hhcontrols.com\/wp-content\/uploads\/2026\/02\/herholdt-controls-oem-energy-meters-design-manufacturing-milan_m1pro-80-m-bus-mid-left_light.jpg","contentUrl":"https:\/\/www.hhcontrols.com\/wp-content\/uploads\/2026\/02\/herholdt-controls-oem-energy-meters-design-manufacturing-milan_m1pro-80-m-bus-mid-left_light.jpg","width":1920,"height":1920},{"@type":"BreadcrumbList","@id":"https:\/\/www.hhcontrols.com\/de\/produkte\/m1pro-80-m-bus-mid\/#breadcrumb","itemListElement":[{"@type":"ListItem","position":1,"name":"Start","item":"https:\/\/www.hhcontrols.com\/de\/startseite\/"},{"@type":"ListItem","position":2,"name":"Produkte","item":"https:\/\/www.hhcontrols.com\/de\/produkte\/"},{"@type":"ListItem","position":3,"name":"M1PRO 80 M-Bus MID"}]},{"@type":"WebSite","@id":"https:\/\/www.hhcontrols.com\/de\/#website","url":"https:\/\/www.hhcontrols.com\/de\/","name":"Herholdt Controls","description":"OEM-Energiez\u00e4hler Entwicklung und Fertigung","publisher":{"@id":"https:\/\/www.hhcontrols.com\/de\/#organization"},"potentialAction":[{"@type":"SearchAction","target":{"@type":"EntryPoint","urlTemplate":"https:\/\/www.hhcontrols.com\/de\/?s={search_term_string}"},"query-input":{"@type":"PropertyValueSpecification","valueRequired":true,"valueName":"search_term_string"}}],"inLanguage":"de"},{"@type":"Organization","@id":"https:\/\/www.hhcontrols.com\/de\/#organization","name":"Herholdt Controls","url":"https:\/\/www.hhcontrols.com\/de\/","logo":{"@type":"ImageObject","inLanguage":"de","@id":"https:\/\/www.hhcontrols.com\/de\/#\/schema\/logo\/image\/","url":"https:\/\/www.hhcontrols.com\/wp-content\/uploads\/2026\/02\/logo-herholdt-controls.png","contentUrl":"https:\/\/www.hhcontrols.com\/wp-content\/uploads\/2026\/02\/logo-herholdt-controls.png","width":512,"height":513,"caption":"Herholdt Controls"},"image":{"@id":"https:\/\/www.hhcontrols.com\/de\/#\/schema\/logo\/image\/"},"sameAs":["https:\/\/www.linkedin.com\/company\/herholdtcontrols\/","https:\/\/www.youtube.com\/@herholdtcontrols9357"]}]}},"_links":{"self":[{"href":"https:\/\/www.hhcontrols.com\/de\/wp-json\/wp\/v2\/product\/1001","targetHints":{"allow":["GET"]}}],"collection":[{"href":"https:\/\/www.hhcontrols.com\/de\/wp-json\/wp\/v2\/product"}],"about":[{"href":"https:\/\/www.hhcontrols.com\/de\/wp-json\/wp\/v2\/types\/product"}],"wp:featuredmedia":[{"embeddable":true,"href":"https:\/\/www.hhcontrols.com\/de\/wp-json\/wp\/v2\/media\/998"}],"wp:attachment":[{"href":"https:\/\/www.hhcontrols.com\/de\/wp-json\/wp\/v2\/media?parent=1001"}],"wp:term":[{"taxonomy":"product_category","embeddable":true,"href":"https:\/\/www.hhcontrols.com\/de\/wp-json\/wp\/v2\/product_category?post=1001"},{"taxonomy":"product_tag","embeddable":true,"href":"https:\/\/www.hhcontrols.com\/de\/wp-json\/wp\/v2\/product_tag?post=1001"}],"curies":[{"name":"wp","href":"https:\/\/api.w.org\/{rel}","templated":true}]}}